{"id":5,"date":"2020-05-25T00:56:30","date_gmt":"2020-05-25T00:56:30","guid":{"rendered":"https:\/\/itzel.com.mx\/?page_id=5"},"modified":"2023-11-08T18:18:46","modified_gmt":"2023-11-08T18:18:46","slug":"5-2","status":"publish","type":"page","link":"https:\/\/itzel.com.mx\/en\/","title":{"rendered":"Index"},"content":{"rendered":"<p>[et_pb_section fb_built=&#8221;1&#8243; _builder_version=&#8221;4.16&#8243; custom_margin=&#8221;0px|0px|0px|0px|false|false&#8221; custom_padding=&#8221;0px|0px|0px|0px|false|false&#8221; global_colors_info=&#8221;{}&#8221;][et_pb_row _builder_version=&#8221;4.16&#8243; width=&#8221;100%&#8221; max_width=&#8221;none&#8221; custom_margin=&#8221;||||false|false&#8221; custom_padding=&#8221;0px|0px|0px|0px|false|false&#8221; global_colors_info=&#8221;{}&#8221;][et_pb_column type=&#8221;4_4&#8243; _builder_version=&#8221;4.16&#8243; global_colors_info=&#8221;{}&#8221;][et_pb_slider show_image_video_mobile=&#8221;on&#8221; use_bg_overlay=&#8221;off&#8221; use_text_overlay=&#8221;off&#8221; module_class=&#8221;slider_ppal&#8221; _builder_version=&#8221;4.16&#8243; header_letter_spacing=&#8221;1px&#8221; custom_button=&#8221;on&#8221; button_border_radius=&#8221;0px&#8221; button_letter_spacing=&#8221;1px&#8221; button_icon=&#8221;&#xe0dc;||divi||400&#8243; button_custom_padding=&#8221;10px|30px|10px|30px|false|false&#8221; z_index=&#8221;0&#8243; auto=&#8221;on&#8221; custom_css_slide_image=&#8221;z-index:100;||position:absolute;&#8221; border_width_all=&#8221;-1px&#8221; border_radii_image=&#8221;on|15px|15px|15px|15px&#8221; box_shadow_style_image=&#8221;preset3&#8243; box_shadow_spread_image=&#8221;-7px&#8221; global_colors_info=&#8221;{}&#8221;][et_pb_slide heading=&#8221;DISE\u00d1O UX&#8221; button_text=&#8221;CONOCE M\u00c1S&#8221; image=&#8221;https:\/\/itzel.com.mx\/wp-content\/uploads\/2020\/05\/design1.jpg&#8221; use_bg_overlay=&#8221;off&#8221; use_text_overlay=&#8221;off&#8221; arrows_custom_color=&#8221;#f27190&#8243; dot_nav_custom_color=&#8221;#f27190&#8243; _builder_version=&#8221;4.16&#8243; header_font=&#8221;|700|||||||&#8221; header_text_color=&#8221;#000000&#8243; body_font=&#8221;|300|||||||&#8221; body_text_color=&#8221;#000000&#8243; background_color=&#8221;rgba(25,19,16,0.14)&#8221; background_enable_color=&#8221;on&#8221; width=&#8221;90%&#8221; custom_css_slide_title=&#8221;text-shadow:none !important;&#8221; custom_css_slide_description=&#8221;text-shadow:none !important;&#8221; global_colors_info=&#8221;{}&#8221; sticky_transition=&#8221;on&#8221;]<\/p>\n<p>Sitios web que responden a la <strong>necesidad del usuario<\/strong> sin necesitar m\u00e1s explicaciones.<\/p>\n<p>[\/et_pb_slide][et_pb_slide heading=&#8221;DISE\u00d1OS RESPONSIVOS&#8221; button_text=&#8221;CONOCE M\u00c1S&#8221; image=&#8221;https:\/\/itzel.com.mx\/wp-content\/uploads\/2020\/05\/design2.jpg&#8221; use_bg_overlay=&#8221;off&#8221; use_text_overlay=&#8221;off&#8221; arrows_custom_color=&#8221;#f27190&#8243; dot_nav_custom_color=&#8221;#f27190&#8243; _builder_version=&#8221;4.16&#8243; header_font=&#8221;|700|||||||&#8221; header_text_color=&#8221;#000000&#8243; body_font=&#8221;|300|||||||&#8221; body_text_color=&#8221;#000000&#8243; background_color=&#8221;rgba(25,19,16,0.14)&#8221; background_enable_color=&#8221;on&#8221; width=&#8221;90%&#8221; custom_css_slide_title=&#8221;text-shadow:none !important;&#8221; custom_css_slide_description=&#8221;text-shadow:none !important;&#8221; global_colors_info=&#8221;{}&#8221; sticky_transition=&#8221;on&#8221;]<\/p>\n<p>Adaptabilidad a las distintas plataformas de uso: <strong>computadoras, tablets y celulares.<\/strong><\/p>\n<p>[\/et_pb_slide][et_pb_slide heading=&#8221;EXPERIENCIA DEL CLIENTE&#8221; button_text=&#8221;CONOCE M\u00c1S&#8221; image=&#8221;https:\/\/itzel.com.mx\/wp-content\/uploads\/2020\/05\/design3.jpg&#8221; use_bg_overlay=&#8221;off&#8221; use_text_overlay=&#8221;off&#8221; arrows_custom_color=&#8221;#f27190&#8243; dot_nav_custom_color=&#8221;#f27190&#8243; _builder_version=&#8221;4.16&#8243; header_font=&#8221;|700|||||||&#8221; header_text_color=&#8221;#000000&#8243; body_font=&#8221;|300|||||||&#8221; body_text_color=&#8221;#000000&#8243; background_color=&#8221;rgba(25,19,16,0.14)&#8221; background_enable_color=&#8221;on&#8221; width=&#8221;90%&#8221; custom_css_slide_title=&#8221;text-shadow:none !important;&#8221; custom_css_slide_description=&#8221;text-shadow:none !important;&#8221; global_colors_info=&#8221;{}&#8221; sticky_transition=&#8221;on&#8221;]<\/p>\n<p>Se realiza un <strong>an\u00e1lisis de los objetivos<\/strong> a fin de generar la mejor experiencia para el usuario con pruebas de uso.<\/p>\n<p>[\/et_pb_slide][\/et_pb_slider][\/et_pb_column][\/et_pb_row][\/et_pb_section][et_pb_section fb_built=&#8221;1&#8243; _builder_version=&#8221;4.22.2&#8243; background_color=&#8221;rgba(0,0,0,0.01)&#8221; custom_margin=&#8221;-1px||||false|false&#8221; custom_padding=&#8221;25px||130px||false|false&#8221; top_divider_style=&#8221;asymmetric&#8221; top_divider_color=&#8221;#dddddd&#8221; top_divider_flip=&#8221;horizontal|vertical&#8221; top_divider_arrangement=&#8221;above_content&#8221; bottom_divider_style=&#8221;asymmetric&#8221; bottom_divider_color=&#8221;#f27190&#8243; global_colors_info=&#8221;{}&#8221;][et_pb_row _builder_version=&#8221;4.16&#8243; global_colors_info=&#8221;{}&#8221;][et_pb_column type=&#8221;4_4&#8243; _builder_version=&#8221;4.16&#8243; global_colors_info=&#8221;{}&#8221;][et_pb_image src=&#8221;https:\/\/itzel.com.mx\/wp-content\/uploads\/2020\/05\/Itzel.jpg&#8221; show_bottom_space=&#8221;off&#8221; _builder_version=&#8221;4.16&#8243; width=&#8221;15%&#8221; module_alignment=&#8221;center&#8221; custom_margin=&#8221;||15px||false|false&#8221; border_radii=&#8221;on|100%|100%|100%|100%&#8221; border_color_all=&#8221;#FFFFFF&#8221; global_colors_info=&#8221;{}&#8221;][\/et_pb_image][et_pb_text _builder_version=&#8221;4.16&#8243; text_font=&#8221;|800|||||||&#8221; text_text_color=&#8221;#000000&#8243; text_font_size=&#8221;18px&#8221; text_letter_spacing=&#8221;3px&#8221; text_orientation=&#8221;center&#8221; custom_margin=&#8221;||0px||false|false&#8221; custom_padding=&#8221;||5px||false|false&#8221; global_colors_info=&#8221;{}&#8221;]<\/p>\n<p>ITZEL QUEZADA<\/p>\n<p>[\/et_pb_text][et_pb_text _builder_version=&#8221;4.16&#8243; text_font=&#8221;||||||||&#8221; text_text_color=&#8221;#b7bbbe&#8221; text_font_size=&#8221;15px&#8221; text_letter_spacing=&#8221;1px&#8221; text_orientation=&#8221;center&#8221; custom_margin=&#8221;0px|0px|0px|0px|false|false&#8221; custom_padding=&#8221;0px|0px|0px|0px|false|false&#8221; global_colors_info=&#8221;{}&#8221;]<\/p>\n<p>UX DESIGNER<\/p>\n<p>[\/et_pb_text][\/et_pb_column][\/et_pb_row][et_pb_row column_structure=&#8221;1_2,1_2&#8243; _builder_version=&#8221;4.16&#8243; custom_padding=&#8221;||70px||false|false&#8221; global_colors_info=&#8221;{}&#8221;][et_pb_column type=&#8221;1_2&#8243; _builder_version=&#8221;4.16&#8243; global_colors_info=&#8221;{}&#8221;][et_pb_text _builder_version=&#8221;4.16&#8243; text_font=&#8221;|700|||||||&#8221; text_text_color=&#8221;#f27190&#8243; text_font_size=&#8221;18px&#8221; text_letter_spacing=&#8221;2px&#8221; custom_margin=&#8221;||0px||false|false&#8221; custom_padding=&#8221;||10px||false|false&#8221; global_colors_info=&#8221;{}&#8221;]<\/p>\n<p style=\"text-align: left;\">ESCOLARIDAD<\/p>\n<p>[\/et_pb_text][et_pb_text _builder_version=&#8221;4.16&#8243; text_text_color=&#8221;#000000&#8243; text_font_size=&#8221;15px&#8221; text_line_height=&#8221;1.2em&#8221; global_colors_info=&#8221;{}&#8221;]<\/p>\n<ul>\n<li>Degree in <strong>COMUNICACI\u00d3N MULTIMEDIA.<\/strong><br \/> <span style=\"color: #999999;\">(2009-2012)<\/span><\/li>\n<li>Maestr\u00eda en <strong>COMUNICACI\u00d3N Y LENGUAJES VISUALES.<\/strong><br \/> <span style=\"color: #999999;\">(2012-2014)<\/span><\/li>\n<li>Especialidad en <strong>DISE\u00d1O Y GESTI\u00d3N DE SITIOS WEB.<\/strong><br \/> <span style=\"color: #999999;\">(2014-2015)<\/span><\/li>\n<\/ul>\n<p>[\/et_pb_text][\/et_pb_column][et_pb_column type=&#8221;1_2&#8243; _builder_version=&#8221;4.16&#8243; global_colors_info=&#8221;{}&#8221;][et_pb_text _builder_version=&#8221;4.16&#8243; text_font=&#8221;|700|||||||&#8221; text_text_color=&#8221;#f27190&#8243; text_font_size=&#8221;18px&#8221; text_letter_spacing=&#8221;2px&#8221; text_orientation=&#8221;center&#8221; custom_margin=&#8221;||0px||false|false&#8221; custom_padding=&#8221;||10px||false|false&#8221; global_colors_info=&#8221;{}&#8221;]<\/p>\n<p style=\"text-align: left;\">OTROS CURSOS<\/p>\n<p>[\/et_pb_text][et_pb_text _builder_version=&#8221;4.16&#8243; text_text_color=&#8221;#000000&#8243; text_line_height=&#8221;1.2em&#8221; global_colors_info=&#8221;{}&#8221;]<\/p>\n<ul>\n<li>Diplomado en <strong>DISE\u00d1O.<\/strong><br \/> <span style=\"color: #999999;\">(75hrs)<\/span><\/li>\n<li>Diplomado en <strong>PROGRAMACI\u00d3N<\/strong><br \/> <span style=\"color: #999999;\">(72hrs)<\/span><\/li>\n<li>Curso<strong> UXD<\/strong>: experiencia de usuario para productos digitales<strong>.<\/strong><br \/> <span style=\"color: #999999;\">(24hrs)<\/span><\/li>\n<li>Curso<strong> UID<\/strong>: dise\u00f1o para aplicaciones y sitios Web con Sketch.<br \/> <span style=\"color: #999999;\">(24hrs)<\/span><\/li>\n<\/ul>\n<p>[\/et_pb_text][\/et_pb_column][\/et_pb_row][et_pb_row column_structure=&#8221;1_2,1_2&#8243; _builder_version=&#8221;4.16&#8243; global_colors_info=&#8221;{}&#8221;][et_pb_column type=&#8221;1_2&#8243; _builder_version=&#8221;4.16&#8243; custom_padding=&#8221;70px||||false|false&#8221; custom_css_main_element=&#8221;||width:100%;||align-items:center;||align-content:center;||&#8221; global_colors_info=&#8221;{}&#8221;][et_pb_text _builder_version=&#8221;4.16&#8243; text_font=&#8221;|800|||||||&#8221; text_text_color=&#8221;#000000&#8243; text_font_size=&#8221;18px&#8221; text_letter_spacing=&#8221;3px&#8221; custom_margin=&#8221;||0px||false|false&#8221; custom_padding=&#8221;||30px||false|false&#8221; global_colors_info=&#8221;{}&#8221;]<\/p>\n<p>CONOCIMIENTOS<\/p>\n<p>[\/et_pb_text][et_pb_counters bar_bg_color=&#8221;#ff638c&#8221; use_percentages=&#8221;off&#8221; _builder_version=&#8221;4.16&#8243; title_font=&#8221;||||||||&#8221; title_font_size=&#8221;14px&#8221; percent_font=&#8221;||||||||&#8221; percent_font_size=&#8221;14px&#8221; percent_letter_spacing=&#8221;1px&#8221; background_color=&#8221;#f9f9f9&#8243; custom_padding=&#8221;2px||2px||false|false&#8221; percent_text_shadow_style=&#8221;preset1&#8243; percent_text_shadow_color=&#8221;rgba(0,0,0,0)1&#8243; global_colors_info=&#8221;{}&#8221;][et_pb_counter percent=&#8221;95&#8243; bar_background_color=&#8221;#f25077&#8243; _builder_version=&#8221;4.16&#8243; background_color=&#8221;#dddddd&#8221; background_enable_color=&#8221;on&#8221; global_colors_info=&#8221;{}&#8221; bar_background_color_default=&#8221;#ff638c&#8221; use_percentages=&#8221;off&#8221;]Illustrator[\/et_pb_counter][\/et_pb_counters][et_pb_counters bar_bg_color=&#8221;#ff638c&#8221; use_percentages=&#8221;off&#8221; _builder_version=&#8221;4.16&#8243; title_font=&#8221;||||||||&#8221; title_font_size=&#8221;14px&#8221; percent_font=&#8221;||||||||&#8221; percent_font_size=&#8221;14px&#8221; percent_letter_spacing=&#8221;1px&#8221; custom_padding=&#8221;2px||2px||false|false&#8221; percent_text_shadow_style=&#8221;preset1&#8243; percent_text_shadow_color=&#8221;rgba(0,0,0,0)1&#8243; global_colors_info=&#8221;{}&#8221;][et_pb_counter percent=&#8221;92&#8243; bar_background_color=&#8221;#f25077&#8243; _builder_version=&#8221;4.16&#8243; background_color=&#8221;#dddddd&#8221; background_enable_color=&#8221;on&#8221; global_colors_info=&#8221;{}&#8221; bar_background_color_default=&#8221;#ff638c&#8221; use_percentages=&#8221;off&#8221;]Sketch[\/et_pb_counter][\/et_pb_counters][et_pb_counters bar_bg_color=&#8221;#ff638c&#8221; use_percentages=&#8221;off&#8221; _builder_version=&#8221;4.16&#8243; title_font=&#8221;||||||||&#8221; title_font_size=&#8221;14px&#8221; percent_font=&#8221;||||||||&#8221; percent_font_size=&#8221;14px&#8221; percent_letter_spacing=&#8221;1px&#8221; background_color=&#8221;#53269b&#8221; custom_padding=&#8221;2px||2px||false|false&#8221; percent_text_shadow_style=&#8221;preset1&#8243; percent_text_shadow_color=&#8221;rgba(0,0,0,0)1&#8243; global_colors_info=&#8221;{}&#8221;][et_pb_counter percent=&#8221;90&#8243; bar_background_color=&#8221;#f25077&#8243; _builder_version=&#8221;4.16&#8243; background_color=&#8221;#dddddd&#8221; background_enable_color=&#8221;on&#8221; global_colors_info=&#8221;{}&#8221; bar_background_color_default=&#8221;#ff638c&#8221; use_percentages=&#8221;off&#8221;]Photoshop[\/et_pb_counter][\/et_pb_counters][et_pb_counters bar_bg_color=&#8221;#ff638c&#8221; use_percentages=&#8221;off&#8221; _builder_version=&#8221;4.16&#8243; title_font=&#8221;||||||||&#8221; title_font_size=&#8221;14px&#8221; percent_font=&#8221;||||||||&#8221; percent_font_size=&#8221;14px&#8221; percent_letter_spacing=&#8221;1px&#8221; background_color=&#8221;#eaeaea&#8221; custom_padding=&#8221;2px||2px||false|false&#8221; percent_text_shadow_style=&#8221;preset1&#8243; percent_text_shadow_color=&#8221;rgba(0,0,0,0)1&#8243; global_colors_info=&#8221;{}&#8221;][et_pb_counter percent=&#8221;60&#8243; bar_background_color=&#8221;#f25077&#8243; _builder_version=&#8221;4.16&#8243; background_color=&#8221;#dddddd&#8221; background_enable_color=&#8221;on&#8221; global_colors_info=&#8221;{}&#8221; bar_background_color_default=&#8221;#ff638c&#8221; use_percentages=&#8221;off&#8221;]XD[\/et_pb_counter][\/et_pb_counters][et_pb_counters bar_bg_color=&#8221;#ff638c&#8221; use_percentages=&#8221;off&#8221; _builder_version=&#8221;4.16&#8243; title_font=&#8221;||||||||&#8221; title_font_size=&#8221;14px&#8221; percent_font=&#8221;||||||||&#8221; percent_font_size=&#8221;14px&#8221; percent_letter_spacing=&#8221;1px&#8221; background_color=&#8221;#eaeaea&#8221; custom_padding=&#8221;2px||2px||false|false&#8221; percent_text_shadow_style=&#8221;preset1&#8243; percent_text_shadow_color=&#8221;rgba(0,0,0,0)1&#8243; global_colors_info=&#8221;{}&#8221;][et_pb_counter percent=&#8221;60&#8243; bar_background_color=&#8221;#f25077&#8243; _builder_version=&#8221;4.16&#8243; background_color=&#8221;#dddddd&#8221; background_enable_color=&#8221;on&#8221; global_colors_info=&#8221;{}&#8221; bar_background_color_default=&#8221;#ff638c&#8221; use_percentages=&#8221;off&#8221;]After Effects[\/et_pb_counter][\/et_pb_counters][et_pb_counters bar_bg_color=&#8221;#ff638c&#8221; use_percentages=&#8221;off&#8221; _builder_version=&#8221;4.16&#8243; title_font=&#8221;||||||||&#8221; title_font_size=&#8221;14px&#8221; percent_font=&#8221;||||||||&#8221; percent_font_size=&#8221;14px&#8221; percent_letter_spacing=&#8221;1px&#8221; background_color=&#8221;#eaeaea&#8221; custom_padding=&#8221;2px||2px||false|false&#8221; percent_text_shadow_style=&#8221;preset1&#8243; percent_text_shadow_color=&#8221;rgba(0,0,0,0)1&#8243; global_colors_info=&#8221;{}&#8221;][et_pb_counter percent=&#8221;60&#8243; bar_background_color=&#8221;#f25077&#8243; _builder_version=&#8221;4.16&#8243; background_color=&#8221;#dddddd&#8221; background_enable_color=&#8221;on&#8221; global_colors_info=&#8221;{}&#8221; bar_background_color_default=&#8221;#ff638c&#8221; use_percentages=&#8221;off&#8221;]Indesign[\/et_pb_counter][\/et_pb_counters][\/et_pb_column][et_pb_column type=&#8221;1_2&#8243; _builder_version=&#8221;4.16&#8243; custom_css_before=&#8221;background:#fce9ee;||display:block;||position:absolute;||content:&#8221;;||width:400px;||height:500px;||right:-38%;||bottom:34%;||z-index:-1;&#8221; global_colors_info=&#8221;{}&#8221;][et_pb_image src=&#8221;https:\/\/itzel.com.mx\/wp-content\/uploads\/2023\/06\/Sin-titulo-1.png&#8221; _builder_version=&#8221;4.16&#8243; global_colors_info=&#8221;{}&#8221;][\/et_pb_image][\/et_pb_column][\/et_pb_row][\/et_pb_section][et_pb_section fb_built=&#8221;1&#8243; _builder_version=&#8221;4.16&#8243; background_color=&#8221;#f27190&#8243; global_colors_info=&#8221;{}&#8221;][et_pb_row _builder_version=&#8221;4.16&#8243; global_colors_info=&#8221;{}&#8221;][et_pb_column type=&#8221;4_4&#8243; _builder_version=&#8221;4.16&#8243; global_colors_info=&#8221;{}&#8221;][et_pb_text _builder_version=&#8221;4.16&#8243; text_font=&#8221;|600||||on|||&#8221; text_text_color=&#8221;#FFFFFF&#8221; text_font_size=&#8221;32px&#8221; text_letter_spacing=&#8221;1px&#8221; text_line_height=&#8221;0em&#8221; global_colors_info=&#8221;{}&#8221;]<\/p>\n<p style=\"text-align: center;\">&#8220;Terminar un dise\u00f1o,<\/p>\n<p style=\"text-align: center;\">es tener un momento <strong>Eureka<\/strong>&#8220;<\/p>\n<p>[\/et_pb_text][\/et_pb_column][\/et_pb_row][\/et_pb_section][et_pb_section fb_built=&#8221;1&#8243; _builder_version=&#8221;4.16&#8243; global_colors_info=&#8221;{}&#8221;][et_pb_row _builder_version=&#8221;4.16&#8243; global_colors_info=&#8221;{}&#8221;][et_pb_column type=&#8221;4_4&#8243; _builder_version=&#8221;4.16&#8243; global_colors_info=&#8221;{}&#8221;][et_pb_text _builder_version=&#8221;4.16&#8243; text_font=&#8221;|800|||||||&#8221; text_text_color=&#8221;#000000&#8243; text_font_size=&#8221;18px&#8221; text_letter_spacing=&#8221;3px&#8221; text_orientation=&#8221;center&#8221; custom_margin=&#8221;||0px||false|false&#8221; custom_padding=&#8221;||30px||false|false&#8221; global_colors_info=&#8221;{}&#8221;]<\/p>\n<p>TRAYECTORIA<\/p>\n<p>[\/et_pb_text][\/et_pb_column][\/et_pb_row][et_pb_row column_structure=&#8221;2_5,3_5&#8243; _builder_version=&#8221;4.16&#8243; global_colors_info=&#8221;{}&#8221;][et_pb_column type=&#8221;2_5&#8243; _builder_version=&#8221;4.16&#8243; global_colors_info=&#8221;{}&#8221;][\/et_pb_column][et_pb_column type=&#8221;3_5&#8243; _builder_version=&#8221;4.16&#8243; global_colors_info=&#8221;{}&#8221;][et_pb_testimonial author=&#8221;HILDEBRANDO&#8221; job_title=&#8221;APOYO EN EL \u00c1REA DE DISE\u00d1O WEB&#8221; portrait_url=&#8221;https:\/\/itzel.com.mx\/wp-content\/uploads\/2020\/05\/hildebrando-1.jpg&#8221; quote_icon_color=&#8221;#f27190&#8243; quote_icon_background_color=&#8221;#FFFFFF&#8221; _builder_version=&#8221;4.16&#8243; author_text_color=&#8221;#000000&#8243; position_font=&#8221;|300|||||||&#8221; position_text_color=&#8221;#f27190&#8243; global_colors_info=&#8221;{}&#8221;]<\/p>\n<ul>\n<li>Dise\u00f1o y soluciones de aplicaciones web internas para Telmex.<\/li>\n<li>Proyectos en colaboraci\u00f3n con la ONU-Telmex.<\/li>\n<li>Apoyo en el dise\u00f1o de telmex.com<\/li>\n<\/ul>\n<p>[\/et_pb_testimonial][\/et_pb_column][\/et_pb_row][et_pb_row column_structure=&#8221;3_5,2_5&#8243; _builder_version=&#8221;4.16&#8243; global_colors_info=&#8221;{}&#8221;][et_pb_column type=&#8221;3_5&#8243; _builder_version=&#8221;4.16&#8243; global_colors_info=&#8221;{}&#8221;][et_pb_testimonial author=&#8221;T7 MARKETING&#8221; job_title=&#8221;ENCARGADA DEL \u00c1REA DE DISE\u00d1O WEB&#8221; portrait_url=&#8221;https:\/\/itzel.com.mx\/wp-content\/uploads\/2020\/05\/T7.jpg&#8221; quote_icon_color=&#8221;#f27190&#8243; quote_icon_background_color=&#8221;#FFFFFF&#8221; _builder_version=&#8221;4.16&#8243; author_text_color=&#8221;#000000&#8243; position_font=&#8221;|300|||||||&#8221; position_text_color=&#8221;#f27190&#8243; global_colors_info=&#8221;{}&#8221;]<\/p>\n<ul>\n<li>Propuestas de dise\u00f1o, maquetaci\u00f3n, y desarrollo de sitios y apps webs en la agencia publicitaria T7 Marketing.<\/li>\n<li>Generaci\u00f3n de Tiendas online con gestores de contenido como Joomla, Drupal, WordPress y Magento.<\/li>\n<\/ul>\n<p>[\/et_pb_testimonial][\/et_pb_column][et_pb_column type=&#8221;2_5&#8243; _builder_version=&#8221;4.16&#8243; global_colors_info=&#8221;{}&#8221;][\/et_pb_column][\/et_pb_row][et_pb_row column_structure=&#8221;2_5,3_5&#8243; _builder_version=&#8221;4.16&#8243; global_colors_info=&#8221;{}&#8221;][et_pb_column type=&#8221;2_5&#8243; _builder_version=&#8221;4.16&#8243; global_colors_info=&#8221;{}&#8221;][\/et_pb_column][et_pb_column type=&#8221;3_5&#8243; _builder_version=&#8221;4.16&#8243; global_colors_info=&#8221;{}&#8221;][et_pb_testimonial author=&#8221;GLOBALHITSS&#8221; job_title=&#8221;DISE\u00d1O DIGITAL&#8221; portrait_url=&#8221;https:\/\/itzel.com.mx\/wp-content\/uploads\/2020\/05\/HITSSCONSULTING.jpg&#8221; quote_icon_color=&#8221;#f27190&#8243; quote_icon_background_color=&#8221;#FFFFFF&#8221; _builder_version=&#8221;4.22.2&#8243; author_text_color=&#8221;#000000&#8243; position_font=&#8221;|300|||||||&#8221; position_text_color=&#8221;#f27190&#8243; hover_enabled=&#8221;0&#8243; global_colors_info=&#8221;{}&#8221; sticky_enabled=&#8221;0&#8243;]<\/p>\n<ul>\n<li>Dise\u00f1o y soluciones de aplicaciones web internas para Telmex.<\/li>\n<li>Proyectos en colaboraci\u00f3n con Fundaci\u00f3n Telmex Telcel.<\/li>\n<li>Apoyo en el dise\u00f1o y contenidos del sitio carlosslim.com<\/li>\n<\/ul>\n<p>[\/et_pb_testimonial][\/et_pb_column][\/et_pb_row][et_pb_row column_structure=&#8221;3_5,2_5&#8243; _builder_version=&#8221;4.16&#8243; global_colors_info=&#8221;{}&#8221;][et_pb_column type=&#8221;3_5&#8243; _builder_version=&#8221;4.16&#8243; global_colors_info=&#8221;{}&#8221;][et_pb_testimonial author=&#8221;CAPITAL DIGITAL&#8221; job_title=&#8221;DISE\u00d1O UX&#8221; portrait_url=&#8221;https:\/\/itzel.com.mx\/wp-content\/uploads\/2023\/04\/Proyecto-nuevo-1.jpg&#8221; quote_icon_color=&#8221;#f27190&#8243; quote_icon_background_color=&#8221;#FFFFFF&#8221; _builder_version=&#8221;4.16&#8243; author_text_color=&#8221;#000000&#8243; position_font=&#8221;|300|||||||&#8221; position_text_color=&#8221;#f27190&#8243; global_colors_info=&#8221;{}&#8221;]<\/p>\n<ul>\n<li>Propuestas de dise\u00f1o, maquetaci\u00f3n, y desarrollo de sitios y apps webs en Chilango, Sopitas, Unocero y Pictoline.<\/li>\n<li>Generaci\u00f3n de tableros y estad\u00edsticas para el \u00e1rea de Marketing.<\/li>\n<\/ul>\n<p>[\/et_pb_testimonial][\/et_pb_column][et_pb_column type=&#8221;2_5&#8243; _builder_version=&#8221;4.16&#8243; global_colors_info=&#8221;{}&#8221;][\/et_pb_column][\/et_pb_row][et_pb_row column_structure=&#8221;2_5,3_5&#8243; _builder_version=&#8221;4.16&#8243; global_colors_info=&#8221;{}&#8221;][et_pb_column type=&#8221;2_5&#8243; _builder_version=&#8221;4.16&#8243; global_colors_info=&#8221;{}&#8221;][\/et_pb_column][et_pb_column type=&#8221;3_5&#8243; _builder_version=&#8221;4.16&#8243; global_colors_info=&#8221;{}&#8221;][et_pb_testimonial author=&#8221;AMERICAN EXPRESS&#8221; job_title=&#8221;DISE\u00d1O UX&#8221; portrait_url=&#8221;https:\/\/itzel.com.mx\/wp-content\/uploads\/2023\/04\/Art_empresa.jpg&#8221; quote_icon_color=&#8221;#f27190&#8243; quote_icon_background_color=&#8221;#FFFFFF&#8221; _builder_version=&#8221;4.16&#8243; author_text_color=&#8221;#000000&#8243; position_font=&#8221;|300|||||||&#8221; position_text_color=&#8221;#f27190&#8243; global_colors_info=&#8221;{}&#8221;]<\/p>\n<ul>\n<li>Dise\u00f1o y creaci\u00f3n de mailings para el marketing de la empresa<\/li>\n<li>Puebas \u00e1cidas en 90 buzones de correos distintos.<\/li>\n<\/ul>\n<p>[\/et_pb_testimonial][\/et_pb_column][\/et_pb_row][et_pb_row column_structure=&#8221;3_5,2_5&#8243; _builder_version=&#8221;4.16&#8243; global_colors_info=&#8221;{}&#8221;][et_pb_column type=&#8221;3_5&#8243; _builder_version=&#8221;4.16&#8243; global_colors_info=&#8221;{}&#8221;][et_pb_testimonial author=&#8221;GOBALHITSS&#8221; job_title=&#8221;DISE\u00d1O UX UI&#8221; portrait_url=&#8221;https:\/\/itzel.com.mx\/wp-content\/uploads\/2023\/04\/Globalhitss.jpg&#8221; quote_icon_color=&#8221;#f27190&#8243; quote_icon_background_color=&#8221;#FFFFFF&#8221; _builder_version=&#8221;4.22.2&#8243; author_text_color=&#8221;#000000&#8243; position_font=&#8221;|300|||||||&#8221; position_text_color=&#8221;#f27190&#8243; hover_enabled=&#8221;0&#8243; global_colors_info=&#8221;{}&#8221; sticky_enabled=&#8221;0&#8243;]<\/p>\n<ul>\n<li>Propuestas de dise\u00f1o, maquetaci\u00f3n, y desarrollo de sitios y apps webs en Telmex.<\/li>\n<li>Generaci\u00f3n de apps para los servicios de Telmex y Fundaci\u00f3n Telmex-Telcel.<\/li>\n<\/ul>\n<p>[\/et_pb_testimonial][\/et_pb_column][et_pb_column type=&#8221;2_5&#8243; _builder_version=&#8221;4.16&#8243; global_colors_info=&#8221;{}&#8221;][\/et_pb_column][\/et_pb_row][\/et_pb_section]<\/p>","protected":false},"excerpt":{"rendered":"<p>Sitios web que responden a la necesidad del usuario sin necesitar m\u00e1s explicaciones.Adaptabilidad a las distintas plataformas de uso: computadoras, tablets y celulares.Se realiza un an\u00e1lisis de los objetivos a fin de generar la mejor experiencia para el usuario con pruebas de uso.ITZEL QUEZADAUX DESIGNERESCOLARIDAD Licenciatura en COMUNICACI\u00d3N MULTIMEDIA. (2009-2012) Maestr\u00eda en COMUNICACI\u00d3N Y LENGUAJES [&hellip;]<\/p>","protected":false},"author":1,"featured_media":0,"parent":0,"menu_order":0,"comment_status":"closed","ping_status":"closed","template":"","meta":{"_et_pb_use_builder":"on","_et_pb_old_content":"","_et_gb_content_width":"","footnotes":""},"class_list":["post-5","page","type-page","status-publish","hentry"],"_links":{"self":[{"href":"https:\/\/itzel.com.mx\/en\/wp-json\/wp\/v2\/pages\/5","targetHints":{"allow":["GET"]}}],"collection":[{"href":"https:\/\/itzel.com.mx\/en\/wp-json\/wp\/v2\/pages"}],"about":[{"href":"https:\/\/itzel.com.mx\/en\/wp-json\/wp\/v2\/types\/page"}],"author":[{"embeddable":true,"href":"https:\/\/itzel.com.mx\/en\/wp-json\/wp\/v2\/users\/1"}],"replies":[{"embeddable":true,"href":"https:\/\/itzel.com.mx\/en\/wp-json\/wp\/v2\/comments?post=5"}],"version-history":[{"count":57,"href":"https:\/\/itzel.com.mx\/en\/wp-json\/wp\/v2\/pages\/5\/revisions"}],"predecessor-version":[{"id":346,"href":"https:\/\/itzel.com.mx\/en\/wp-json\/wp\/v2\/pages\/5\/revisions\/346"}],"wp:attachment":[{"href":"https:\/\/itzel.com.mx\/en\/wp-json\/wp\/v2\/media?parent=5"}],"curies":[{"name":"wp","href":"https:\/\/api.w.org\/{rel}","templated":true}]}}